{"id":912,"date":"2024-07-17T09:49:46","date_gmt":"2024-07-17T06:49:46","guid":{"rendered":"https:\/\/www.machineexport.fi\/?post_type=product&#038;p=912"},"modified":"2025-06-17T12:26:29","modified_gmt":"2025-06-17T09:26:29","slug":"caterpillar-d-4-h","status":"publish","type":"product","link":"https:\/\/www.machineexport.fi\/en\/vaihtokone\/caterpillar-d-4-h\/","title":{"rendered":"Caterpillar D 4 H"},"content":{"rendered":"","protected":false},"excerpt":{"rendered":"<div class=\"col-md-8\">\n<div class=\"card\">\n<div class=\"card-body\">\n<div class=\"row\">\n<div class=\"col-md-3\"><b>Brand:<\/b><\/div>\n<div class=\"col-md-9\">Caterpillar<\/div>\n<\/div>\n<div class=\"row\">\n<div class=\"col-md-3\"><b>Model:<\/b><\/div>\n<div class=\"col-md-9\">D 4 H<\/div>\n<\/div>\n<div class=\"row\">\n<div class=\"col-md-3\"><b>Group:<\/b><\/div>\n<div class=\"col-md-9\">Crawler dozers<\/div>\n<\/div>\n<div class=\"row\">\n<div class=\"col-md-3\"><b>Year:<\/b><\/div>\n<div class=\"col-md-9\">1989<\/div>\n<\/div>\n<div class=\"row\">\n<div class=\"col-md-3\"><b>Used for:<\/b><\/div>\n<div class=\"col-md-9\">7510 h<\/div>\n<\/div>\n<div class=\"row\">\n<div class=\"col-md-3\"><b>Price w\/o VAT:<\/b><\/div>\n<div class=\"col-md-9\">25 500 \u20ac<\/div>\n<\/div>\n<\/div>\n<\/div>\n<div class=\"card\">\n<div class=\"card-body\">\n<div class=\"row\">\n<div class=\"col-md-3\"><b>Further information:<\/b><\/div>\n<ul>\n<li class=\"col-md-9\">Total hrs 7510<\/li>\n<li class=\"col-md-9\">Pads and segments new ones<\/li>\n<li class=\"col-md-9\">Lower rollers, used 300 hrs<\/li>\n<li class=\"col-md-9\">Chains are good<\/li>\n<\/ul>\n<\/div>\n<\/div>\n<\/div>\n<\/div>","protected":false},"featured_media":688,"template":"","meta":{"site-sidebar-layout":"default","site-content-layout":"","ast-site-content-layout":"default","site-content-style":"default","site-sidebar-style":"default","ast-global-header-display":"","ast-banner-title-visibility":"","ast-main-header-display":"","ast-hfb-above-header-display":"","ast-hfb-below-header-display":"","ast-hfb-mobile-header-display":"","site-post-title":"","ast-breadcrumbs-content":"","ast-featured-img":"","footer-sml-layout":"","ast-disable-related-posts":"","theme-transparent-header-meta":"default","adv-header-id-meta":"","stick-header-meta":"","header-above-stick-meta":"","header-main-stick-meta":"","header-below-stick-meta":"","astra-migrate-meta-layouts":"set","ast-page-background-enabled":"default","ast-page-background-meta":{"desktop":{"background-color":"var(--ast-global-color-4)","background-image":"","background-repeat":"repeat","background-position":"center center","background-size":"auto","background-attachment":"scroll","background-type":"","background-media":"","overlay-type":"","overlay-color":"","overlay-opacity":"","overlay-gradient":""},"tablet":{"background-color":"","background-image":"","background-repeat":"repeat","background-position":"center center","background-size":"auto","background-attachment":"scroll","background-type":"","background-media":"","overlay-type":"","overlay-color":"","overlay-opacity":"","overlay-gradient":""},"mobile":{"background-color":"","background-image":"","background-repeat":"repeat","background-position":"center center","background-size":"auto","background-attachment":"scroll","background-type":"","background-media":"","overlay-type":"","overlay-color":"","overlay-opacity":"","overlay-gradient":""}},"ast-content-background-meta":{"desktop":{"background-color":"var(--ast-global-color-5)","background-image":"","background-repeat":"repeat","background-position":"center center","background-size":"auto","background-attachment":"scroll","background-type":"","background-media":"","overlay-type":"","overlay-color":"","overlay-opacity":"","overlay-gradient":""},"tablet":{"background-color":"var(--ast-global-color-5)","background-image":"","background-repeat":"repeat","background-position":"center center","background-size":"auto","background-attachment":"scroll","background-type":"","background-media":"","overlay-type":"","overlay-color":"","overlay-opacity":"","overlay-gradient":""},"mobile":{"background-color":"var(--ast-global-color-5)","background-image":"","background-repeat":"repeat","background-position":"center center","background-size":"auto","background-attachment":"scroll","background-type":"","background-media":"","overlay-type":"","overlay-color":"","overlay-opacity":"","overlay-gradient":""}}},"product_brand":[42],"product_cat":[36],"product_tag":[],"class_list":{"0":"post-912","1":"product","2":"type-product","3":"status-publish","4":"has-post-thumbnail","6":"product_brand-caterpillar","7":"product_cat-maanrakennus","8":"desktop-align-left","9":"tablet-align-left","10":"mobile-align-left","12":"first","13":"instock","14":"taxable","15":"shipping-taxable","16":"product-type-simple"},"yoast_head":"<!-- This site is optimized with the Yoast SEO plugin v27.4 - https:\/\/yoast.com\/product\/yoast-seo-wordpress\/ -->\n<title>Caterpillar D 4 H - Oy Machine Export Oulu Ltd<\/title>\n<meta name=\"robots\" content=\"index, follow, max-snippet:-1, max-image-preview:large, max-video-preview:-1\" \/>\n<link rel=\"canonical\" href=\"https:\/\/www.machineexport.fi\/en\/vaihtokone\/caterpillar-d-4-h\/\" \/>\n<meta property=\"og:locale\" content=\"en_US\" \/>\n<meta property=\"og:type\" content=\"article\" \/>\n<meta property=\"og:title\" content=\"Caterpillar D 4 H - Oy Machine Export Oulu Ltd\" \/>\n<meta property=\"og:description\" content=\"Merkki: Caterpillar   Malli: D 4 H   Tyyppi: Telaketjupuskutraktorit   Vuosimalli: 1989   Mittarilukema: 7510 h   Veroton hinta: 25 500 \u20ac       Lis\u00e4tiedot:   Todelliset tunnit 7510  Telalaput, vetokeh\u00e4t uudet  Alarullat, ajettu 300 tuntia  Ketjut hyv\u00e4t\" \/>\n<meta property=\"og:url\" content=\"https:\/\/www.machineexport.fi\/en\/vaihtokone\/caterpillar-d-4-h\/\" \/>\n<meta property=\"og:site_name\" content=\"Oy Machine Export Oulu Ltd\" \/>\n<meta property=\"article:modified_time\" content=\"2025-06-17T09:26:29+00:00\" \/>\n<meta property=\"og:image\" content=\"https:\/\/www.machineexport.fi\/wp-content\/uploads\/2022\/10\/caterpillar-d-4-h-1.jpg\" \/>\n\t<meta property=\"og:image:width\" content=\"768\" \/>\n\t<meta property=\"og:image:height\" content=\"1024\" \/>\n\t<meta property=\"og:image:type\" content=\"image\/jpeg\" \/>\n<meta name=\"twitter:card\" content=\"summary_large_image\" \/>\n<meta name=\"twitter:label1\" content=\"Est. reading time\" \/>\n\t<meta name=\"twitter:data1\" content=\"1 minute\" \/>\n<script type=\"application\/ld+json\" class=\"yoast-schema-graph\">{\"@context\":\"https:\\\/\\\/schema.org\",\"@graph\":[{\"@type\":\"WebPage\",\"@id\":\"https:\\\/\\\/www.machineexport.fi\\\/vaihtokone\\\/caterpillar-d-4-h\\\/\",\"url\":\"https:\\\/\\\/www.machineexport.fi\\\/vaihtokone\\\/caterpillar-d-4-h\\\/\",\"name\":\"Caterpillar D 4 H - Oy Machine Export Oulu Ltd\",\"isPartOf\":{\"@id\":\"https:\\\/\\\/www.machineexport.fi\\\/#website\"},\"primaryImageOfPage\":{\"@id\":\"https:\\\/\\\/www.machineexport.fi\\\/vaihtokone\\\/caterpillar-d-4-h\\\/#primaryimage\"},\"image\":{\"@id\":\"https:\\\/\\\/www.machineexport.fi\\\/vaihtokone\\\/caterpillar-d-4-h\\\/#primaryimage\"},\"thumbnailUrl\":\"https:\\\/\\\/www.machineexport.fi\\\/wp-content\\\/uploads\\\/2022\\\/10\\\/caterpillar-d-4-h-1.jpg\",\"datePublished\":\"2024-07-17T06:49:46+00:00\",\"dateModified\":\"2025-06-17T09:26:29+00:00\",\"breadcrumb\":{\"@id\":\"https:\\\/\\\/www.machineexport.fi\\\/vaihtokone\\\/caterpillar-d-4-h\\\/#breadcrumb\"},\"inLanguage\":\"en-US\",\"potentialAction\":[{\"@type\":\"ReadAction\",\"target\":[\"https:\\\/\\\/www.machineexport.fi\\\/vaihtokone\\\/caterpillar-d-4-h\\\/\"]}]},{\"@type\":\"ImageObject\",\"inLanguage\":\"en-US\",\"@id\":\"https:\\\/\\\/www.machineexport.fi\\\/vaihtokone\\\/caterpillar-d-4-h\\\/#primaryimage\",\"url\":\"https:\\\/\\\/www.machineexport.fi\\\/wp-content\\\/uploads\\\/2022\\\/10\\\/caterpillar-d-4-h-1.jpg\",\"contentUrl\":\"https:\\\/\\\/www.machineexport.fi\\\/wp-content\\\/uploads\\\/2022\\\/10\\\/caterpillar-d-4-h-1.jpg\",\"width\":768,\"height\":1024,\"caption\":\"Caterpillar D 4 H Myyd\u00e4\u00e4n\"},{\"@type\":\"BreadcrumbList\",\"@id\":\"https:\\\/\\\/www.machineexport.fi\\\/vaihtokone\\\/caterpillar-d-4-h\\\/#breadcrumb\",\"itemListElement\":[{\"@type\":\"ListItem\",\"position\":1,\"name\":\"Home\",\"item\":\"https:\\\/\\\/www.machineexport.fi\\\/\"},{\"@type\":\"ListItem\",\"position\":2,\"name\":\"Vaihtokonelista\",\"item\":\"https:\\\/\\\/www.machineexport.fi\\\/kauppa\\\/\"},{\"@type\":\"ListItem\",\"position\":3,\"name\":\"Caterpillar D 4 H\"}]},{\"@type\":\"WebSite\",\"@id\":\"https:\\\/\\\/www.machineexport.fi\\\/#website\",\"url\":\"https:\\\/\\\/www.machineexport.fi\\\/\",\"name\":\"Oy Machine Export Oulu Ltd\",\"description\":\"\",\"publisher\":{\"@id\":\"https:\\\/\\\/www.machineexport.fi\\\/#organization\"},\"potentialAction\":[{\"@type\":\"SearchAction\",\"target\":{\"@type\":\"EntryPoint\",\"urlTemplate\":\"https:\\\/\\\/www.machineexport.fi\\\/?s={search_term_string}\"},\"query-input\":{\"@type\":\"PropertyValueSpecification\",\"valueRequired\":true,\"valueName\":\"search_term_string\"}}],\"inLanguage\":\"en-US\"},{\"@type\":\"Organization\",\"@id\":\"https:\\\/\\\/www.machineexport.fi\\\/#organization\",\"name\":\"Oy Machine Export Oulu Ltd\",\"url\":\"https:\\\/\\\/www.machineexport.fi\\\/\",\"logo\":{\"@type\":\"ImageObject\",\"inLanguage\":\"en-US\",\"@id\":\"https:\\\/\\\/www.machineexport.fi\\\/#\\\/schema\\\/logo\\\/image\\\/\",\"url\":\"https:\\\/\\\/www.machineexport.fi\\\/wp-content\\\/uploads\\\/2021\\\/11\\\/6588841_construction_excavator_machine_icon.png\",\"contentUrl\":\"https:\\\/\\\/www.machineexport.fi\\\/wp-content\\\/uploads\\\/2021\\\/11\\\/6588841_construction_excavator_machine_icon.png\",\"width\":256,\"height\":256,\"caption\":\"Oy Machine Export Oulu Ltd\"},\"image\":{\"@id\":\"https:\\\/\\\/www.machineexport.fi\\\/#\\\/schema\\\/logo\\\/image\\\/\"}}]}<\/script>\n<!-- \/ Yoast SEO plugin. -->","yoast_head_json":{"title":"Caterpillar D 4 H - Oy Machine Export Oulu Ltd","robots":{"index":"index","follow":"follow","max-snippet":"max-snippet:-1","max-image-preview":"max-image-preview:large","max-video-preview":"max-video-preview:-1"},"canonical":"https:\/\/www.machineexport.fi\/en\/vaihtokone\/caterpillar-d-4-h\/","og_locale":"en_US","og_type":"article","og_title":"Caterpillar D 4 H - Oy Machine Export Oulu Ltd","og_description":"Merkki: Caterpillar   Malli: D 4 H   Tyyppi: Telaketjupuskutraktorit   Vuosimalli: 1989   Mittarilukema: 7510 h   Veroton hinta: 25 500 \u20ac       Lis\u00e4tiedot:   Todelliset tunnit 7510  Telalaput, vetokeh\u00e4t uudet  Alarullat, ajettu 300 tuntia  Ketjut hyv\u00e4t","og_url":"https:\/\/www.machineexport.fi\/en\/vaihtokone\/caterpillar-d-4-h\/","og_site_name":"Oy Machine Export Oulu Ltd","article_modified_time":"2025-06-17T09:26:29+00:00","og_image":[{"width":768,"height":1024,"url":"https:\/\/www.machineexport.fi\/wp-content\/uploads\/2022\/10\/caterpillar-d-4-h-1.jpg","type":"image\/jpeg"}],"twitter_card":"summary_large_image","twitter_misc":{"Est. reading time":"1 minute"},"schema":{"@context":"https:\/\/schema.org","@graph":[{"@type":"WebPage","@id":"https:\/\/www.machineexport.fi\/vaihtokone\/caterpillar-d-4-h\/","url":"https:\/\/www.machineexport.fi\/vaihtokone\/caterpillar-d-4-h\/","name":"Caterpillar D 4 H - Oy Machine Export Oulu Ltd","isPartOf":{"@id":"https:\/\/www.machineexport.fi\/#website"},"primaryImageOfPage":{"@id":"https:\/\/www.machineexport.fi\/vaihtokone\/caterpillar-d-4-h\/#primaryimage"},"image":{"@id":"https:\/\/www.machineexport.fi\/vaihtokone\/caterpillar-d-4-h\/#primaryimage"},"thumbnailUrl":"https:\/\/www.machineexport.fi\/wp-content\/uploads\/2022\/10\/caterpillar-d-4-h-1.jpg","datePublished":"2024-07-17T06:49:46+00:00","dateModified":"2025-06-17T09:26:29+00:00","breadcrumb":{"@id":"https:\/\/www.machineexport.fi\/vaihtokone\/caterpillar-d-4-h\/#breadcrumb"},"inLanguage":"en-US","potentialAction":[{"@type":"ReadAction","target":["https:\/\/www.machineexport.fi\/vaihtokone\/caterpillar-d-4-h\/"]}]},{"@type":"ImageObject","inLanguage":"en-US","@id":"https:\/\/www.machineexport.fi\/vaihtokone\/caterpillar-d-4-h\/#primaryimage","url":"https:\/\/www.machineexport.fi\/wp-content\/uploads\/2022\/10\/caterpillar-d-4-h-1.jpg","contentUrl":"https:\/\/www.machineexport.fi\/wp-content\/uploads\/2022\/10\/caterpillar-d-4-h-1.jpg","width":768,"height":1024,"caption":"Caterpillar D 4 H Myyd\u00e4\u00e4n"},{"@type":"BreadcrumbList","@id":"https:\/\/www.machineexport.fi\/vaihtokone\/caterpillar-d-4-h\/#breadcrumb","itemListElement":[{"@type":"ListItem","position":1,"name":"Home","item":"https:\/\/www.machineexport.fi\/"},{"@type":"ListItem","position":2,"name":"Vaihtokonelista","item":"https:\/\/www.machineexport.fi\/kauppa\/"},{"@type":"ListItem","position":3,"name":"Caterpillar D 4 H"}]},{"@type":"WebSite","@id":"https:\/\/www.machineexport.fi\/#website","url":"https:\/\/www.machineexport.fi\/","name":"Oy Machine Export Oulu Ltd","description":"","publisher":{"@id":"https:\/\/www.machineexport.fi\/#organization"},"potentialAction":[{"@type":"SearchAction","target":{"@type":"EntryPoint","urlTemplate":"https:\/\/www.machineexport.fi\/?s={search_term_string}"},"query-input":{"@type":"PropertyValueSpecification","valueRequired":true,"valueName":"search_term_string"}}],"inLanguage":"en-US"},{"@type":"Organization","@id":"https:\/\/www.machineexport.fi\/#organization","name":"Oy Machine Export Oulu Ltd","url":"https:\/\/www.machineexport.fi\/","logo":{"@type":"ImageObject","inLanguage":"en-US","@id":"https:\/\/www.machineexport.fi\/#\/schema\/logo\/image\/","url":"https:\/\/www.machineexport.fi\/wp-content\/uploads\/2021\/11\/6588841_construction_excavator_machine_icon.png","contentUrl":"https:\/\/www.machineexport.fi\/wp-content\/uploads\/2021\/11\/6588841_construction_excavator_machine_icon.png","width":256,"height":256,"caption":"Oy Machine Export Oulu Ltd"},"image":{"@id":"https:\/\/www.machineexport.fi\/#\/schema\/logo\/image\/"}}]}},"_links":{"self":[{"href":"https:\/\/www.machineexport.fi\/en\/wp-json\/wp\/v2\/product\/912","targetHints":{"allow":["GET"]}}],"collection":[{"href":"https:\/\/www.machineexport.fi\/en\/wp-json\/wp\/v2\/product"}],"about":[{"href":"https:\/\/www.machineexport.fi\/en\/wp-json\/wp\/v2\/types\/product"}],"wp:featuredmedia":[{"embeddable":true,"href":"https:\/\/www.machineexport.fi\/en\/wp-json\/wp\/v2\/media\/688"}],"wp:attachment":[{"href":"https:\/\/www.machineexport.fi\/en\/wp-json\/wp\/v2\/media?parent=912"}],"wp:term":[{"taxonomy":"product_brand","embeddable":true,"href":"https:\/\/www.machineexport.fi\/en\/wp-json\/wp\/v2\/product_brand?post=912"},{"taxonomy":"product_cat","embeddable":true,"href":"https:\/\/www.machineexport.fi\/en\/wp-json\/wp\/v2\/product_cat?post=912"},{"taxonomy":"product_tag","embeddable":true,"href":"https:\/\/www.machineexport.fi\/en\/wp-json\/wp\/v2\/product_tag?post=912"}],"curies":[{"name":"wp","href":"https:\/\/api.w.org\/{rel}","templated":true}]}}